{"id":190,"date":"2024-11-01T22:45:23","date_gmt":"2024-11-01T21:45:23","guid":{"rendered":"https:\/\/arcome.be\/?page_id=190"},"modified":"2024-11-05T21:48:02","modified_gmt":"2024-11-05T20:48:02","slug":"bougies","status":"publish","type":"page","link":"https:\/\/arcome.be\/index.php\/bougies\/","title":{"rendered":"BOUGIES PARFUMEES"},"content":{"rendered":"\n<div class=\"wp-block-media-text is-stacked-on-mobile\"><figure class=\"wp-block-media-text__media\"><img loading=\"lazy\" decoding=\"async\" width=\"1024\" height=\"1024\" src=\"https:\/\/arcome.be\/wp-content\/uploads\/2024\/11\/1_9b1a7e77-6dc7-43ed-b48f-5468d94962e2-1024x1024.webp\" alt=\"\" class=\"wp-image-301 size-full\" srcset=\"https:\/\/arcome.be\/wp-content\/uploads\/2024\/11\/1_9b1a7e77-6dc7-43ed-b48f-5468d94962e2-1024x1024.webp 1024w, https:\/\/arcome.be\/wp-content\/uploads\/2024\/11\/1_9b1a7e77-6dc7-43ed-b48f-5468d94962e2-160x160.webp 160w, https:\/\/arcome.be\/wp-content\/uploads\/2024\/11\/1_9b1a7e77-6dc7-43ed-b48f-5468d94962e2-600x600.webp 600w, https:\/\/arcome.be\/wp-content\/uploads\/2024\/11\/1_9b1a7e77-6dc7-43ed-b48f-5468d94962e2-300x300.webp 300w, https:\/\/arcome.be\/wp-content\/uploads\/2024\/11\/1_9b1a7e77-6dc7-43ed-b48f-5468d94962e2-150x150.webp 150w, https:\/\/arcome.be\/wp-content\/uploads\/2024\/11\/1_9b1a7e77-6dc7-43ed-b48f-5468d94962e2-768x768.webp 768w, https:\/\/arcome.be\/wp-content\/uploads\/2024\/11\/1_9b1a7e77-6dc7-43ed-b48f-5468d94962e2.webp 1100w\" sizes=\"auto, (max-width: 1024px) 100vw, 1024px\" \/><\/figure><div class=\"wp-block-media-text__content\">\n<p>Fabriqu\u00e9es en notre atelier, les bougies parfum\u00e9es Arc\u00f4me sont des pi\u00e8ces de haute qualit\u00e9 issue d&rsquo;un savoir-faire de nos artisans. Chaque parfum qui compose nos bougies est une cr\u00e9ation exclusive \u00e9labor\u00e9e avec soin pour un voyage olfactif et sensoriel. Nos bougies haut de gamme deviennent de r\u00e9els objets de d\u00e9coration dans votre int\u00e9rieur, cr\u00e9ant une ambiance chaleureuse et sophistiqu\u00e9e&#8230;<\/p>\n<\/div><\/div>\n\n\n\n<p><\/p>\n","protected":false},"excerpt":{"rendered":"<p>Fabriqu\u00e9es en notre atelier, les bougies parfum\u00e9es Arc\u00f4me sont des pi\u00e8ces de haute qualit\u00e9 issue d&rsquo;un savoir-faire de nos artisans. Chaque parfum qui compose nos bougies est une cr\u00e9ation exclusive \u00e9labor\u00e9e avec soin pour un voyage olfactif et sensoriel. Nos bougies haut de gamme deviennent de r\u00e9els objets de d\u00e9coration [&hellip;]<\/p>\n","protected":false},"author":1,"featured_media":0,"parent":0,"menu_order":0,"comment_status":"closed","ping_status":"closed","template":"","meta":{"_themeisle_gutenberg_block_has_review":false,"footnotes":""},"class_list":["post-190","page","type-page","status-publish","hentry"],"jetpack_sharing_enabled":true,"_links":{"self":[{"href":"https:\/\/arcome.be\/index.php\/wp-json\/wp\/v2\/pages\/190","targetHints":{"allow":["GET"]}}],"collection":[{"href":"https:\/\/arcome.be\/index.php\/wp-json\/wp\/v2\/pages"}],"about":[{"href":"https:\/\/arcome.be\/index.php\/wp-json\/wp\/v2\/types\/page"}],"author":[{"embeddable":true,"href":"https:\/\/arcome.be\/index.php\/wp-json\/wp\/v2\/users\/1"}],"replies":[{"embeddable":true,"href":"https:\/\/arcome.be\/index.php\/wp-json\/wp\/v2\/comments?post=190"}],"version-history":[{"count":5,"href":"https:\/\/arcome.be\/index.php\/wp-json\/wp\/v2\/pages\/190\/revisions"}],"predecessor-version":[{"id":335,"href":"https:\/\/arcome.be\/index.php\/wp-json\/wp\/v2\/pages\/190\/revisions\/335"}],"wp:attachment":[{"href":"https:\/\/arcome.be\/index.php\/wp-json\/wp\/v2\/media?parent=190"}],"curies":[{"name":"wp","href":"https:\/\/api.w.org\/{rel}","templated":true}]}}