{"id":191,"date":"2024-11-01T22:45:23","date_gmt":"2024-11-01T21:45:23","guid":{"rendered":"https:\/\/arcome.be\/?page_id=191"},"modified":"2024-11-05T21:48:23","modified_gmt":"2024-11-05T20:48:23","slug":"decorations","status":"publish","type":"page","link":"https:\/\/arcome.be\/index.php\/decorations\/","title":{"rendered":"DECORATIONS"},"content":{"rendered":"\n<div class=\"wp-block-media-text is-stacked-on-mobile\"><figure class=\"wp-block-media-text__media\"><img loading=\"lazy\" decoding=\"async\" width=\"235\" height=\"406\" src=\"https:\/\/arcome.be\/wp-content\/uploads\/2024\/11\/dc9f61ed708902d562fa35815e35949e.jpg\" alt=\"\" class=\"wp-image-309 size-full\" srcset=\"https:\/\/arcome.be\/wp-content\/uploads\/2024\/11\/dc9f61ed708902d562fa35815e35949e.jpg 235w, https:\/\/arcome.be\/wp-content\/uploads\/2024\/11\/dc9f61ed708902d562fa35815e35949e-174x300.jpg 174w\" sizes=\"auto, (max-width: 235px) 100vw, 235px\" \/><\/figure><div class=\"wp-block-media-text__content\">\n<p>Nos fabrications en r\u00e9sine sont des d\u00e9corations tendances et originaux. Ils sont fabriqu\u00e9s \u00e0 partir d&rsquo;une mati\u00e8re synth\u00e9tique qui imite l&rsquo;aspect du bois, de la pierre, du verre ainsi que du m\u00e9tal. L&rsquo;avantage de la r\u00e9sine c&rsquo;est que les diff\u00e9rents objets sont l\u00e9gers, r\u00e9sistants, facile \u00e0 entretenir et personnalisable. Avec Arc\u00f4me, vous trouverez des objets de toutes les formes, couleurs et styles pour embellir votre int\u00e9rieur&#8230;   <\/p>\n<\/div><\/div>\n\n\n\n<p><\/p>\n","protected":false},"excerpt":{"rendered":"<p>Nos fabrications en r\u00e9sine sont des d\u00e9corations tendances et originaux. Ils sont fabriqu\u00e9s \u00e0 partir d&rsquo;une mati\u00e8re synth\u00e9tique qui imite l&rsquo;aspect du bois, de la pierre, du verre ainsi que du m\u00e9tal. L&rsquo;avantage de la r\u00e9sine c&rsquo;est que les diff\u00e9rents objets sont l\u00e9gers, r\u00e9sistants, facile \u00e0 entretenir et personnalisable. Avec [&hellip;]<\/p>\n","protected":false},"author":1,"featured_media":0,"parent":0,"menu_order":0,"comment_status":"closed","ping_status":"closed","template":"","meta":{"_themeisle_gutenberg_block_has_review":false,"footnotes":""},"class_list":["post-191","page","type-page","status-publish","hentry"],"jetpack_sharing_enabled":true,"_links":{"self":[{"href":"https:\/\/arcome.be\/index.php\/wp-json\/wp\/v2\/pages\/191","targetHints":{"allow":["GET"]}}],"collection":[{"href":"https:\/\/arcome.be\/index.php\/wp-json\/wp\/v2\/pages"}],"about":[{"href":"https:\/\/arcome.be\/index.php\/wp-json\/wp\/v2\/types\/page"}],"author":[{"embeddable":true,"href":"https:\/\/arcome.be\/index.php\/wp-json\/wp\/v2\/users\/1"}],"replies":[{"embeddable":true,"href":"https:\/\/arcome.be\/index.php\/wp-json\/wp\/v2\/comments?post=191"}],"version-history":[{"count":5,"href":"https:\/\/arcome.be\/index.php\/wp-json\/wp\/v2\/pages\/191\/revisions"}],"predecessor-version":[{"id":336,"href":"https:\/\/arcome.be\/index.php\/wp-json\/wp\/v2\/pages\/191\/revisions\/336"}],"wp:attachment":[{"href":"https:\/\/arcome.be\/index.php\/wp-json\/wp\/v2\/media?parent=191"}],"curies":[{"name":"wp","href":"https:\/\/api.w.org\/{rel}","templated":true}]}}