{"id":192,"date":"2024-11-01T22:45:23","date_gmt":"2024-11-01T21:45:23","guid":{"rendered":"https:\/\/arcome.be\/?page_id=192"},"modified":"2024-11-05T09:48:50","modified_gmt":"2024-11-05T08:48:50","slug":"decos-bougies","status":"publish","type":"page","link":"https:\/\/arcome.be\/index.php\/decos-bougies\/","title":{"rendered":"DECOS\/BOUGIES"},"content":{"rendered":"\n<div class=\"wp-block-media-text is-stacked-on-mobile\"><figure class=\"wp-block-media-text__media\"><img loading=\"lazy\" decoding=\"async\" width=\"570\" height=\"570\" src=\"https:\/\/arcome.be\/wp-content\/uploads\/2024\/11\/il_570xN.6239456828_jxvb.avif\" alt=\"\" class=\"wp-image-305 size-full\"\/><\/figure><div class=\"wp-block-media-text__content\">\n<p>Nos contenants\u00a0pour bougies ou nos articles de d\u00e9corations sont fabriqu\u00e9s \u00e0 la main dans notre atelier. La conception est enti\u00e8rement\u00a0<strong>artisanale<\/strong>\u00a0et chaque pot est bien s\u00fbr\u00a0<strong>unique<\/strong>.<\/p>\n\n\n\n<p>Nous avons acquis notre technique \u00e0 force de tests et essais dans le but de vous proposer un produit avec un rendu et des caract\u00e9ristiques optimales&#8230;&nbsp;<\/p>\n<\/div><\/div>\n\n\n\n<p><\/p>\n","protected":false},"excerpt":{"rendered":"<p>Nos contenants\u00a0pour bougies ou nos articles de d\u00e9corations sont fabriqu\u00e9s \u00e0 la main dans notre atelier. La conception est enti\u00e8rement\u00a0artisanale\u00a0et chaque pot est bien s\u00fbr\u00a0unique. Nous avons acquis notre technique \u00e0 force de tests et essais dans le but de vous proposer un produit avec un rendu et des caract\u00e9ristiques [&hellip;]<\/p>\n","protected":false},"author":1,"featured_media":0,"parent":0,"menu_order":0,"comment_status":"closed","ping_status":"closed","template":"","meta":{"_themeisle_gutenberg_block_has_review":false,"footnotes":""},"class_list":["post-192","page","type-page","status-publish","hentry"],"jetpack_sharing_enabled":true,"_links":{"self":[{"href":"https:\/\/arcome.be\/index.php\/wp-json\/wp\/v2\/pages\/192","targetHints":{"allow":["GET"]}}],"collection":[{"href":"https:\/\/arcome.be\/index.php\/wp-json\/wp\/v2\/pages"}],"about":[{"href":"https:\/\/arcome.be\/index.php\/wp-json\/wp\/v2\/types\/page"}],"author":[{"embeddable":true,"href":"https:\/\/arcome.be\/index.php\/wp-json\/wp\/v2\/users\/1"}],"replies":[{"embeddable":true,"href":"https:\/\/arcome.be\/index.php\/wp-json\/wp\/v2\/comments?post=192"}],"version-history":[{"count":4,"href":"https:\/\/arcome.be\/index.php\/wp-json\/wp\/v2\/pages\/192\/revisions"}],"predecessor-version":[{"id":308,"href":"https:\/\/arcome.be\/index.php\/wp-json\/wp\/v2\/pages\/192\/revisions\/308"}],"wp:attachment":[{"href":"https:\/\/arcome.be\/index.php\/wp-json\/wp\/v2\/media?parent=192"}],"curies":[{"name":"wp","href":"https:\/\/api.w.org\/{rel}","templated":true}]}}