{"id":193,"date":"2024-11-01T22:45:23","date_gmt":"2024-11-01T21:45:23","guid":{"rendered":"https:\/\/arcome.be\/?page_id=193"},"modified":"2024-11-24T20:49:39","modified_gmt":"2024-11-24T19:49:39","slug":"diffuseurs-a-roseaux","status":"publish","type":"page","link":"https:\/\/arcome.be\/index.php\/diffuseurs-a-roseaux\/","title":{"rendered":"DIFFUSEURS DE PARFUM"},"content":{"rendered":"\n<div class=\"wp-block-media-text is-stacked-on-mobile\"><figure class=\"wp-block-media-text__media\"><img loading=\"lazy\" decoding=\"async\" width=\"768\" height=\"1024\" src=\"http:\/\/arcome.be\/wp-content\/uploads\/2024\/11\/Diffuseur-Arcome-768x1024.jpg\" alt=\"\" class=\"wp-image-1218 size-full\" srcset=\"https:\/\/arcome.be\/wp-content\/uploads\/2024\/11\/Diffuseur-Arcome-768x1024.jpg 768w, https:\/\/arcome.be\/wp-content\/uploads\/2024\/11\/Diffuseur-Arcome-225x300.jpg 225w, https:\/\/arcome.be\/wp-content\/uploads\/2024\/11\/Diffuseur-Arcome-1152x1536.jpg 1152w, https:\/\/arcome.be\/wp-content\/uploads\/2024\/11\/Diffuseur-Arcome-1320x1760.jpg 1320w, https:\/\/arcome.be\/wp-content\/uploads\/2024\/11\/Diffuseur-Arcome-600x800.jpg 600w, https:\/\/arcome.be\/wp-content\/uploads\/2024\/11\/Diffuseur-Arcome.jpg 1536w\" sizes=\"auto, (max-width: 768px) 100vw, 768px\" \/><\/figure><div class=\"wp-block-media-text__content\">\n<p>Les d\u00e9sodorisants d&rsquo;int\u00e9rieur sont des alchimies douces compos\u00e9es d&rsquo;alcool de c\u00e9r\u00e9ales, d&rsquo;eau distill\u00e9e et de l&rsquo;\u00e2me du produit huiles essentielles ou essences de votre choix. Leur utilisation transcende la simple fonction de parfumer plongeant dans une histoire qui remonte \u00e0 l&rsquo;antiquit\u00e9 lorsque ces substances \u00e9taient utilis\u00e9es pour purifier et \u00e9lever l&rsquo;esprit des lieux. En plus d&#8217;embellir olfactivement votre espace, les huiles essentielles apportent avec elles des bienfaits th\u00e9rapeutiques. Relaxation, bien-\u00eatre, am\u00e9lioration de la concentration et de la disposition ne sont que le d\u00e9but de ce que ces petites gouttes de nature peuvent faire pour vous&#8230;<\/p>\n<\/div><\/div>\n","protected":false},"excerpt":{"rendered":"<p>Les d\u00e9sodorisants d&rsquo;int\u00e9rieur sont des alchimies douces compos\u00e9es d&rsquo;alcool de c\u00e9r\u00e9ales, d&rsquo;eau distill\u00e9e et de l&rsquo;\u00e2me du produit huiles essentielles ou essences de votre choix. Leur utilisation transcende la simple fonction de parfumer plongeant dans une histoire qui remonte \u00e0 l&rsquo;antiquit\u00e9 lorsque ces substances \u00e9taient utilis\u00e9es pour purifier et \u00e9lever [&hellip;]<\/p>\n","protected":false},"author":1,"featured_media":0,"parent":0,"menu_order":0,"comment_status":"closed","ping_status":"closed","template":"","meta":{"_themeisle_gutenberg_block_has_review":false,"footnotes":""},"class_list":["post-193","page","type-page","status-publish","hentry"],"jetpack_sharing_enabled":true,"_links":{"self":[{"href":"https:\/\/arcome.be\/index.php\/wp-json\/wp\/v2\/pages\/193","targetHints":{"allow":["GET"]}}],"collection":[{"href":"https:\/\/arcome.be\/index.php\/wp-json\/wp\/v2\/pages"}],"about":[{"href":"https:\/\/arcome.be\/index.php\/wp-json\/wp\/v2\/types\/page"}],"author":[{"embeddable":true,"href":"https:\/\/arcome.be\/index.php\/wp-json\/wp\/v2\/users\/1"}],"replies":[{"embeddable":true,"href":"https:\/\/arcome.be\/index.php\/wp-json\/wp\/v2\/comments?post=193"}],"version-history":[{"count":4,"href":"https:\/\/arcome.be\/index.php\/wp-json\/wp\/v2\/pages\/193\/revisions"}],"predecessor-version":[{"id":1219,"href":"https:\/\/arcome.be\/index.php\/wp-json\/wp\/v2\/pages\/193\/revisions\/1219"}],"wp:attachment":[{"href":"https:\/\/arcome.be\/index.php\/wp-json\/wp\/v2\/media?parent=193"}],"curies":[{"name":"wp","href":"https:\/\/api.w.org\/{rel}","templated":true}]}}