{"id":1247,"date":"2024-11-27T15:17:00","date_gmt":"2024-11-27T14:17:00","guid":{"rendered":"https:\/\/arcome.be\/?post_type=product&#038;p=1247"},"modified":"2024-11-30T23:04:46","modified_gmt":"2024-11-30T22:04:46","slug":"plateau-rond-garda","status":"publish","type":"product","link":"https:\/\/arcome.be\/index.php\/produit\/plateau-rond-garda\/","title":{"rendered":"Plateau rond \u00ab\u00a0GARDA\u00a0\u00bb"},"content":{"rendered":"<p>Plateau rond \u00ab\u00a0GARDA\u00a0\u00bb<\/p>\n<ul>\n<li>Fabriqu\u00e9 en r\u00e9sine par nos soins disponible en plusieurs coloris<\/li>\n<li>Dimension : 21,5 cm de diam\u00e8tre<\/li>\n<li>Tous nos prix s&rsquo;entendent emballage et personnalisation compris<\/li>\n<\/ul>\n","protected":false},"excerpt":{"rendered":"<p>Plateau rond \u00ab\u00a0GARDA\u00a0\u00bb Fabriqu\u00e9 en r\u00e9sine par nos soins disponible en plusieurs coloris Dimension : 21,5 cm de diam\u00e8tre Tous nos prix s&rsquo;entendent emballage et personnalisation compris<\/p>\n","protected":false},"featured_media":1248,"comment_status":"open","ping_status":"closed","template":"","meta":{"_themeisle_gutenberg_block_has_review":false},"product_brand":[],"product_cat":[21],"product_tag":[],"class_list":{"0":"post-1247","1":"product","2":"type-product","3":"status-publish","4":"has-post-thumbnail","6":"product_cat-decorations","8":"first","9":"instock","10":"shipping-taxable","11":"purchasable","12":"product-type-variable"},"jetpack_sharing_enabled":true,"_links":{"self":[{"href":"https:\/\/arcome.be\/index.php\/wp-json\/wp\/v2\/product\/1247","targetHints":{"allow":["GET"]}}],"collection":[{"href":"https:\/\/arcome.be\/index.php\/wp-json\/wp\/v2\/product"}],"about":[{"href":"https:\/\/arcome.be\/index.php\/wp-json\/wp\/v2\/types\/product"}],"replies":[{"embeddable":true,"href":"https:\/\/arcome.be\/index.php\/wp-json\/wp\/v2\/comments?post=1247"}],"wp:featuredmedia":[{"embeddable":true,"href":"https:\/\/arcome.be\/index.php\/wp-json\/wp\/v2\/media\/1248"}],"wp:attachment":[{"href":"https:\/\/arcome.be\/index.php\/wp-json\/wp\/v2\/media?parent=1247"}],"wp:term":[{"taxonomy":"product_brand","embeddable":true,"href":"https:\/\/arcome.be\/index.php\/wp-json\/wp\/v2\/product_brand?post=1247"},{"taxonomy":"product_cat","embeddable":true,"href":"https:\/\/arcome.be\/index.php\/wp-json\/wp\/v2\/product_cat?post=1247"},{"taxonomy":"product_tag","embeddable":true,"href":"https:\/\/arcome.be\/index.php\/wp-json\/wp\/v2\/product_tag?post=1247"}],"curies":[{"name":"wp","href":"https:\/\/api.w.org\/{rel}","templated":true}]}}