{"id":2281,"date":"2024-11-27T15:14:16","date_gmt":"2024-11-27T14:14:16","guid":{"rendered":"https:\/\/arcome.be\/?post_type=product&#038;p=2281"},"modified":"2024-11-30T23:06:47","modified_gmt":"2024-11-30T22:06:47","slug":"dessous-de-verres-parma","status":"publish","type":"product","link":"https:\/\/arcome.be\/index.php\/produit\/dessous-de-verres-parma\/","title":{"rendered":"Dessous de verres \u00ab\u00a0PARMA\u00a0\u00bb"},"content":{"rendered":"<p>Dessous de verres \u00ab\u00a0PARMA\u00a0\u00bb<\/p>\n<ul>\n<li><span>Fabriqu\u00e9 en r\u00e9sine par nos soins disponible en plusieurs coloris<\/span><\/li>\n<li>Prix \u00e0 la pi\u00e8ce<\/li>\n<li>Tous nos prix s&rsquo;entendent emballage et personnalisation comprise<\/li>\n<\/ul>\n","protected":false},"excerpt":{"rendered":"<p>Dessous de verres \u00ab\u00a0PARMA\u00a0\u00bb Fabriqu\u00e9 en r\u00e9sine par nos soins disponible en plusieurs coloris Prix \u00e0 la pi\u00e8ce Tous nos prix s&rsquo;entendent emballage et personnalisation comprise<\/p>\n","protected":false},"featured_media":2282,"comment_status":"open","ping_status":"closed","template":"","meta":{"_themeisle_gutenberg_block_has_review":false},"product_brand":[],"product_cat":[21],"product_tag":[],"class_list":{"0":"post-2281","1":"product","2":"type-product","3":"status-publish","4":"has-post-thumbnail","6":"product_cat-decorations","8":"first","9":"instock","10":"shipping-taxable","11":"purchasable","12":"product-type-variable"},"jetpack_sharing_enabled":true,"_links":{"self":[{"href":"https:\/\/arcome.be\/index.php\/wp-json\/wp\/v2\/product\/2281","targetHints":{"allow":["GET"]}}],"collection":[{"href":"https:\/\/arcome.be\/index.php\/wp-json\/wp\/v2\/product"}],"about":[{"href":"https:\/\/arcome.be\/index.php\/wp-json\/wp\/v2\/types\/product"}],"replies":[{"embeddable":true,"href":"https:\/\/arcome.be\/index.php\/wp-json\/wp\/v2\/comments?post=2281"}],"wp:featuredmedia":[{"embeddable":true,"href":"https:\/\/arcome.be\/index.php\/wp-json\/wp\/v2\/media\/2282"}],"wp:attachment":[{"href":"https:\/\/arcome.be\/index.php\/wp-json\/wp\/v2\/media?parent=2281"}],"wp:term":[{"taxonomy":"product_brand","embeddable":true,"href":"https:\/\/arcome.be\/index.php\/wp-json\/wp\/v2\/product_brand?post=2281"},{"taxonomy":"product_cat","embeddable":true,"href":"https:\/\/arcome.be\/index.php\/wp-json\/wp\/v2\/product_cat?post=2281"},{"taxonomy":"product_tag","embeddable":true,"href":"https:\/\/arcome.be\/index.php\/wp-json\/wp\/v2\/product_tag?post=2281"}],"curies":[{"name":"wp","href":"https:\/\/api.w.org\/{rel}","templated":true}]}}