{"id":3290,"date":"2024-11-30T23:29:15","date_gmt":"2024-11-30T22:29:15","guid":{"rendered":"https:\/\/arcome.be\/?post_type=product&#038;p=3290"},"modified":"2025-03-17T12:32:17","modified_gmt":"2025-03-17T11:32:17","slug":"deco-vase-boule","status":"publish","type":"product","link":"https:\/\/arcome.be\/index.php\/produit\/deco-vase-boule\/","title":{"rendered":"D\u00e9co \u00ab\u00a0Vase boule\u00a0\u00bb"},"content":{"rendered":"<p>D\u00e9co \u00ab\u00a0Vase boule\u00a0\u00bb<\/p>\n<ul>\n<li>Fabriqu\u00e9 en r\u00e9sine par nos soins disponible en 3 coloris et 2 mod\u00e8les<\/li>\n<li>Tous nos prix s\u2019entendent emballage et personnalisation compris<\/li>\n<\/ul>\n","protected":false},"excerpt":{"rendered":"<p>D\u00e9co \u00ab\u00a0Vase boule\u00a0\u00bb Fabriqu\u00e9 en r\u00e9sine par nos soins disponible en 3 coloris et 2 mod\u00e8les Tous nos prix s\u2019entendent emballage et personnalisation compris<\/p>\n","protected":false},"featured_media":3746,"comment_status":"open","ping_status":"closed","template":"","meta":{"_themeisle_gutenberg_block_has_review":false},"product_brand":[],"product_cat":[21],"product_tag":[],"class_list":{"0":"post-3290","1":"product","2":"type-product","3":"status-publish","4":"has-post-thumbnail","6":"product_cat-decorations","8":"first","9":"instock","10":"shipping-taxable","11":"purchasable","12":"product-type-variable"},"jetpack_sharing_enabled":true,"_links":{"self":[{"href":"https:\/\/arcome.be\/index.php\/wp-json\/wp\/v2\/product\/3290","targetHints":{"allow":["GET"]}}],"collection":[{"href":"https:\/\/arcome.be\/index.php\/wp-json\/wp\/v2\/product"}],"about":[{"href":"https:\/\/arcome.be\/index.php\/wp-json\/wp\/v2\/types\/product"}],"replies":[{"embeddable":true,"href":"https:\/\/arcome.be\/index.php\/wp-json\/wp\/v2\/comments?post=3290"}],"wp:featuredmedia":[{"embeddable":true,"href":"https:\/\/arcome.be\/index.php\/wp-json\/wp\/v2\/media\/3746"}],"wp:attachment":[{"href":"https:\/\/arcome.be\/index.php\/wp-json\/wp\/v2\/media?parent=3290"}],"wp:term":[{"taxonomy":"product_brand","embeddable":true,"href":"https:\/\/arcome.be\/index.php\/wp-json\/wp\/v2\/product_brand?post=3290"},{"taxonomy":"product_cat","embeddable":true,"href":"https:\/\/arcome.be\/index.php\/wp-json\/wp\/v2\/product_cat?post=3290"},{"taxonomy":"product_tag","embeddable":true,"href":"https:\/\/arcome.be\/index.php\/wp-json\/wp\/v2\/product_tag?post=3290"}],"curies":[{"name":"wp","href":"https:\/\/api.w.org\/{rel}","templated":true}]}}