{"id":3340,"date":"2024-12-01T12:25:10","date_gmt":"2024-12-01T11:25:10","guid":{"rendered":"https:\/\/arcome.be\/?post_type=product&#038;p=3340"},"modified":"2024-12-01T15:18:29","modified_gmt":"2024-12-01T14:18:29","slug":"deco-bougie-pot-de-noel","status":"publish","type":"product","link":"https:\/\/arcome.be\/index.php\/produit\/deco-bougie-pot-de-noel\/","title":{"rendered":"D\u00e9co\/Bougie \u00ab Pot de No\u00ebl \u00bb"},"content":{"rendered":"<p>D\u00e9co\/Bougie \u00ab Pot de No\u00ebl \u00bb<\/p>\n<ul>\n<li>Contenant en r\u00e9sine fabriqu\u00e9 par nos soins<\/li>\n<li>Contenance 180 gr<\/li>\n<li>Choix parmi nos fragrances de No\u00ebl<\/li>\n<li>Tous nos prix s\u2019entendent emballage et personnalisation compris<\/li>\n<li>Tous nos contenants sont rechargeables<\/li>\n<\/ul>\n","protected":false},"excerpt":{"rendered":"<p>D\u00e9co\/Bougie \u00ab Pot de No\u00ebl \u00bb Contenant en r\u00e9sine fabriqu\u00e9 par nos soins Contenance 180 gr Choix parmi nos fragrances de No\u00ebl Tous nos prix s\u2019entendent emballage et personnalisation compris Tous nos contenants sont rechargeables<\/p>\n","protected":false},"featured_media":3404,"comment_status":"open","ping_status":"closed","template":"","meta":{"_themeisle_gutenberg_block_has_review":false},"product_brand":[],"product_cat":[23],"product_tag":[],"class_list":{"0":"post-3340","1":"product","2":"type-product","3":"status-publish","4":"has-post-thumbnail","6":"product_cat-collection-noel","8":"first","9":"instock","10":"shipping-taxable","11":"purchasable","12":"product-type-variable"},"jetpack_sharing_enabled":true,"_links":{"self":[{"href":"https:\/\/arcome.be\/index.php\/wp-json\/wp\/v2\/product\/3340","targetHints":{"allow":["GET"]}}],"collection":[{"href":"https:\/\/arcome.be\/index.php\/wp-json\/wp\/v2\/product"}],"about":[{"href":"https:\/\/arcome.be\/index.php\/wp-json\/wp\/v2\/types\/product"}],"replies":[{"embeddable":true,"href":"https:\/\/arcome.be\/index.php\/wp-json\/wp\/v2\/comments?post=3340"}],"wp:featuredmedia":[{"embeddable":true,"href":"https:\/\/arcome.be\/index.php\/wp-json\/wp\/v2\/media\/3404"}],"wp:attachment":[{"href":"https:\/\/arcome.be\/index.php\/wp-json\/wp\/v2\/media?parent=3340"}],"wp:term":[{"taxonomy":"product_brand","embeddable":true,"href":"https:\/\/arcome.be\/index.php\/wp-json\/wp\/v2\/product_brand?post=3340"},{"taxonomy":"product_cat","embeddable":true,"href":"https:\/\/arcome.be\/index.php\/wp-json\/wp\/v2\/product_cat?post=3340"},{"taxonomy":"product_tag","embeddable":true,"href":"https:\/\/arcome.be\/index.php\/wp-json\/wp\/v2\/product_tag?post=3340"}],"curies":[{"name":"wp","href":"https:\/\/api.w.org\/{rel}","templated":true}]}}