{"id":3363,"date":"2024-12-01T12:31:28","date_gmt":"2024-12-01T11:31:28","guid":{"rendered":"https:\/\/arcome.be\/?post_type=product&#038;p=3363"},"modified":"2024-12-01T15:19:32","modified_gmt":"2024-12-01T14:19:32","slug":"deco-bougie-traineau-du-pere-noel","status":"publish","type":"product","link":"https:\/\/arcome.be\/index.php\/produit\/deco-bougie-traineau-du-pere-noel\/","title":{"rendered":"D\u00e9co\/Bougie \u00ab Traineau du P\u00e8re No\u00ebl \u00bb"},"content":{"rendered":"<p><span style=\"vertical-align: inherit;\"><span style=\"vertical-align: inherit;\">D\u00e9co\/Bougie \u00ab Traineau du P\u00e8re No\u00ebl \u00bb<\/span><\/span><\/p>\n<ul>\n<li><span style=\"vertical-align: inherit;\"><span style=\"vertical-align: inherit;\">Contenant en r\u00e9sine fabriqu\u00e9e par nos soins<\/span><\/span><\/li>\n<li><span style=\"vertical-align: inherit;\"><span style=\"vertical-align: inherit;\">Contenance 55gr<\/span><\/span><\/li>\n<li><span style=\"vertical-align: inherit;\"><span style=\"vertical-align: inherit;\">Choix parmi nos parfums de No\u00ebl<\/span><\/span><\/li>\n<li><span style=\"vertical-align: inherit;\"><span style=\"vertical-align: inherit;\">Tous nos prix s&rsquo;entendent emballage et personnalisation comprennent<\/span><\/span><\/li>\n<li><span style=\"vertical-align: inherit;\"><span style=\"vertical-align: inherit;\">Tous nos contenants sont rechargeables<\/span><\/span><\/li>\n<\/ul>\n","protected":false},"excerpt":{"rendered":"<p>D\u00e9co\/Bougie \u00ab Traineau du P\u00e8re No\u00ebl \u00bb Contenant en r\u00e9sine fabriqu\u00e9e par nos soins Contenance 55gr Choix parmi nos parfums de No\u00ebl Tous nos prix s&rsquo;entendent emballage et personnalisation comprennent Tous nos contenants sont rechargeables<\/p>\n","protected":false},"featured_media":3406,"comment_status":"open","ping_status":"closed","template":"","meta":{"_themeisle_gutenberg_block_has_review":false},"product_brand":[],"product_cat":[23],"product_tag":[],"class_list":{"0":"post-3363","1":"product","2":"type-product","3":"status-publish","4":"has-post-thumbnail","6":"product_cat-collection-noel","8":"first","9":"instock","10":"shipping-taxable","11":"purchasable","12":"product-type-variable"},"jetpack_sharing_enabled":true,"_links":{"self":[{"href":"https:\/\/arcome.be\/index.php\/wp-json\/wp\/v2\/product\/3363","targetHints":{"allow":["GET"]}}],"collection":[{"href":"https:\/\/arcome.be\/index.php\/wp-json\/wp\/v2\/product"}],"about":[{"href":"https:\/\/arcome.be\/index.php\/wp-json\/wp\/v2\/types\/product"}],"replies":[{"embeddable":true,"href":"https:\/\/arcome.be\/index.php\/wp-json\/wp\/v2\/comments?post=3363"}],"wp:featuredmedia":[{"embeddable":true,"href":"https:\/\/arcome.be\/index.php\/wp-json\/wp\/v2\/media\/3406"}],"wp:attachment":[{"href":"https:\/\/arcome.be\/index.php\/wp-json\/wp\/v2\/media?parent=3363"}],"wp:term":[{"taxonomy":"product_brand","embeddable":true,"href":"https:\/\/arcome.be\/index.php\/wp-json\/wp\/v2\/product_brand?post=3363"},{"taxonomy":"product_cat","embeddable":true,"href":"https:\/\/arcome.be\/index.php\/wp-json\/wp\/v2\/product_cat?post=3363"},{"taxonomy":"product_tag","embeddable":true,"href":"https:\/\/arcome.be\/index.php\/wp-json\/wp\/v2\/product_tag?post=3363"}],"curies":[{"name":"wp","href":"https:\/\/api.w.org\/{rel}","templated":true}]}}