{"id":3476,"date":"2024-12-05T19:58:29","date_gmt":"2024-12-05T18:58:29","guid":{"rendered":"https:\/\/arcome.be\/?post_type=product&#038;p=3476"},"modified":"2025-01-20T09:54:53","modified_gmt":"2025-01-20T08:54:53","slug":"cheques-cadeaux","status":"publish","type":"product","link":"https:\/\/arcome.be\/index.php\/produit\/cheques-cadeaux\/","title":{"rendered":"Ch\u00e8ques cadeaux"},"content":{"rendered":"<p>\u00ab\u00a0Ch\u00e8ques cadeaux\u00a0\u00bb<\/p>\n<p>Envie de faire plaisir \u00e0 quelqu&rsquo;un mais vous avez du mal \u00e0 choisir ? Optez pour nos ch\u00e8ques cadeaux&#8230;<\/p>\n<p>Pour les entreprises, il est possible de personnaliser le design du ch\u00e8que avec le logo de votre soci\u00e9t\u00e9. Pour cela, envoyez-nous un mail sur info@arcome.be<\/p>\n<ul>\n<li>Validit\u00e9 6 mois<\/li>\n<li>Non remboursable<\/li>\n<li>S\u00e9lectionnez le montant souhait\u00e9<\/li>\n<\/ul>\n","protected":false},"excerpt":{"rendered":"<p>\u00ab\u00a0Ch\u00e8ques cadeaux\u00a0\u00bb Envie de faire plaisir \u00e0 quelqu&rsquo;un mais vous avez du mal \u00e0 choisir ? Optez pour nos ch\u00e8ques cadeaux&#8230; Pour les entreprises, il est possible de personnaliser le design du ch\u00e8que avec le logo de votre soci\u00e9t\u00e9. Pour cela, envoyez-nous un mail sur info@arcome.be Validit\u00e9 6 mois Non [&hellip;]<\/p>\n","protected":false},"featured_media":3484,"comment_status":"open","ping_status":"closed","template":"","meta":{"_themeisle_gutenberg_block_has_review":false},"product_brand":[],"product_cat":[19,29,23,31,21,20,28,24,25,22],"product_tag":[],"class_list":{"0":"post-3476","1":"product","2":"type-product","3":"status-publish","4":"has-post-thumbnail","6":"product_cat-bougies-parfumees","7":"product_cat-cheques-cadeaux","8":"product_cat-collection-noel","9":"product_cat-collection-saint-valentin","10":"product_cat-decorations","11":"product_cat-decos-bougies","12":"product_cat-delices-gourmands","13":"product_cat-diffuseurs-de-parfum","14":"product_cat-editions-limitees","15":"product_cat-idees-cadeaux","17":"first","18":"instock","19":"shipping-taxable","20":"purchasable","21":"product-type-variable"},"jetpack_sharing_enabled":true,"_links":{"self":[{"href":"https:\/\/arcome.be\/index.php\/wp-json\/wp\/v2\/product\/3476","targetHints":{"allow":["GET"]}}],"collection":[{"href":"https:\/\/arcome.be\/index.php\/wp-json\/wp\/v2\/product"}],"about":[{"href":"https:\/\/arcome.be\/index.php\/wp-json\/wp\/v2\/types\/product"}],"replies":[{"embeddable":true,"href":"https:\/\/arcome.be\/index.php\/wp-json\/wp\/v2\/comments?post=3476"}],"wp:featuredmedia":[{"embeddable":true,"href":"https:\/\/arcome.be\/index.php\/wp-json\/wp\/v2\/media\/3484"}],"wp:attachment":[{"href":"https:\/\/arcome.be\/index.php\/wp-json\/wp\/v2\/media?parent=3476"}],"wp:term":[{"taxonomy":"product_brand","embeddable":true,"href":"https:\/\/arcome.be\/index.php\/wp-json\/wp\/v2\/product_brand?post=3476"},{"taxonomy":"product_cat","embeddable":true,"href":"https:\/\/arcome.be\/index.php\/wp-json\/wp\/v2\/product_cat?post=3476"},{"taxonomy":"product_tag","embeddable":true,"href":"https:\/\/arcome.be\/index.php\/wp-json\/wp\/v2\/product_tag?post=3476"}],"curies":[{"name":"wp","href":"https:\/\/api.w.org\/{rel}","templated":true}]}}