{"id":563,"date":"2024-11-15T20:01:53","date_gmt":"2024-11-15T19:01:53","guid":{"rendered":"https:\/\/arcome.be\/?post_type=product&#038;p=563"},"modified":"2024-11-30T22:51:31","modified_gmt":"2024-11-30T21:51:31","slug":"bougie-ovale-venezia","status":"publish","type":"product","link":"https:\/\/arcome.be\/index.php\/produit\/bougie-ovale-venezia\/","title":{"rendered":"Bougie ovale \u00ab\u00a0VENEZIA\u00a0\u00bb"},"content":{"rendered":"<p>Bougie ovale \u00ab\u00a0VENEZIA\u00a0\u00bb petit ou grand mod\u00e8le<\/p>\n<ul>\n<li>Contenance 180 gr ou 420 gr<\/li>\n<li>Dimensions : 21,5cm x 8,5cm ou 29,5cm x 12cm<\/li>\n<li>Contenant en r\u00e9sine fabriqu\u00e9 par nos soins disponible en plusieurs coloris<\/li>\n<li>Plus de 40 fragrances disponibles pour la contenance<\/li>\n<li>Tous nos prix s&rsquo;entendent emballage et personnalisation compris<\/li>\n<li>Tous nos contenants sont rechargeables<\/li>\n<\/ul>\n<p>&nbsp;<\/p>\n","protected":false},"excerpt":{"rendered":"<p>Bougie ovale \u00ab\u00a0VENEZIA\u00a0\u00bb petit ou grand mod\u00e8le Contenance 180 gr ou 420 gr Dimensions : 21,5cm x 8,5cm ou 29,5cm x 12cm Contenant en r\u00e9sine fabriqu\u00e9 par nos soins disponible en plusieurs coloris Plus de 40 fragrances disponibles pour la contenance Tous nos prix s&rsquo;entendent emballage et personnalisation compris Tous [&hellip;]<\/p>\n","protected":false},"featured_media":353,"comment_status":"open","ping_status":"closed","template":"","meta":{"_themeisle_gutenberg_block_has_review":false},"product_brand":[],"product_cat":[20],"product_tag":[],"class_list":{"0":"post-563","1":"product","2":"type-product","3":"status-publish","4":"has-post-thumbnail","6":"product_cat-decos-bougies","8":"first","9":"instock","10":"shipping-taxable","11":"purchasable","12":"product-type-variable","13":"has-default-attributes"},"jetpack_sharing_enabled":true,"_links":{"self":[{"href":"https:\/\/arcome.be\/index.php\/wp-json\/wp\/v2\/product\/563","targetHints":{"allow":["GET"]}}],"collection":[{"href":"https:\/\/arcome.be\/index.php\/wp-json\/wp\/v2\/product"}],"about":[{"href":"https:\/\/arcome.be\/index.php\/wp-json\/wp\/v2\/types\/product"}],"replies":[{"embeddable":true,"href":"https:\/\/arcome.be\/index.php\/wp-json\/wp\/v2\/comments?post=563"}],"wp:featuredmedia":[{"embeddable":true,"href":"https:\/\/arcome.be\/index.php\/wp-json\/wp\/v2\/media\/353"}],"wp:attachment":[{"href":"https:\/\/arcome.be\/index.php\/wp-json\/wp\/v2\/media?parent=563"}],"wp:term":[{"taxonomy":"product_brand","embeddable":true,"href":"https:\/\/arcome.be\/index.php\/wp-json\/wp\/v2\/product_brand?post=563"},{"taxonomy":"product_cat","embeddable":true,"href":"https:\/\/arcome.be\/index.php\/wp-json\/wp\/v2\/product_cat?post=563"},{"taxonomy":"product_tag","embeddable":true,"href":"https:\/\/arcome.be\/index.php\/wp-json\/wp\/v2\/product_tag?post=563"}],"curies":[{"name":"wp","href":"https:\/\/api.w.org\/{rel}","templated":true}]}}